{"id":95,"date":"2020-01-27T17:05:09","date_gmt":"2020-01-27T17:05:09","guid":{"rendered":"https:\/\/www.aqualab.pt\/?page_id=95"},"modified":"2022-08-01T19:44:20","modified_gmt":"2022-08-01T19:44:20","slug":"analysis-profiles","status":"publish","type":"page","link":"https:\/\/www.aqualab.pt\/en\/analysis-departments\/clinical-department\/analysis-profiles\/","title":{"rendered":"Analysis Profiles"},"content":{"rendered":"\n<p class=\"has-large-font-size\"><strong><strong>Because the best health plan is prevention, we put at your disposal several &#8220;Analysis Profiles&#8221;. Talk to one of our employees and choose the analytical profile that best fits your situation. You don&#8217;t need a medical prescription and can benefit from special prices.<\/strong><\/strong><\/p>\n\n\n\n<p><strong>We kindly inform you that profile testing is currently not available at the following collection units:<\/strong><\/p>\n\n\n\n<p><strong>Cl\u00ednica a Lacobrigense (Lagos), Neuro Loul\u00e9 (Loul\u00e9), Cl\u00ednica de P\u00eara (P\u00eara), Clinicalvor (Alvor), Centro de Enfermagem de Lagos, Clinica do Cora\u00e7\u00e3o (Portim\u00e3o), Gago Leiria (Portim\u00e3o), Policlinica da M\u00f3 (Portim\u00e3o) e Cl\u00ednica S. Jo\u00e3o de Deus (Silves).<\/strong><\/p>\n\n\n\n<p><\/p>\n","protected":false},"excerpt":{"rendered":"<p>Because the best health plan is prevention, we put at your disposal several &#8220;Analysis Profiles&#8221;. Talk to one of our employees and [&hellip;]<\/p>\n","protected":false},"author":1,"featured_media":0,"parent":91,"menu_order":2,"comment_status":"closed","ping_status":"closed","template":"templates\/mppost-archive.php","meta":{"_acf_changed":false,"footnotes":""},"class_list":["post-95","page","type-page","status-publish","hentry","page-entry"],"acf":[],"aioseo_notices":[],"_links":{"self":[{"href":"https:\/\/www.aqualab.pt\/en\/wp-json\/wp\/v2\/pages\/95","targetHints":{"allow":["GET"]}}],"collection":[{"href":"https:\/\/www.aqualab.pt\/en\/wp-json\/wp\/v2\/pages"}],"about":[{"href":"https:\/\/www.aqualab.pt\/en\/wp-json\/wp\/v2\/types\/page"}],"author":[{"embeddable":true,"href":"https:\/\/www.aqualab.pt\/en\/wp-json\/wp\/v2\/users\/1"}],"replies":[{"embeddable":true,"href":"https:\/\/www.aqualab.pt\/en\/wp-json\/wp\/v2\/comments?post=95"}],"version-history":[{"count":5,"href":"https:\/\/www.aqualab.pt\/en\/wp-json\/wp\/v2\/pages\/95\/revisions"}],"predecessor-version":[{"id":3948,"href":"https:\/\/www.aqualab.pt\/en\/wp-json\/wp\/v2\/pages\/95\/revisions\/3948"}],"up":[{"embeddable":true,"href":"https:\/\/www.aqualab.pt\/en\/wp-json\/wp\/v2\/pages\/91"}],"wp:attachment":[{"href":"https:\/\/www.aqualab.pt\/en\/wp-json\/wp\/v2\/media?parent=95"}],"curies":[{"name":"wp","href":"https:\/\/api.w.org\/{rel}","templated":true}]}}